{"id":123,"date":"2025-06-09T23:34:07","date_gmt":"2025-06-09T23:34:07","guid":{"rendered":"https:\/\/sisterschoolers.com\/?page_id=123"},"modified":"2025-11-29T16:30:25","modified_gmt":"2025-11-29T16:30:25","slug":"matricula","status":"publish","type":"page","link":"https:\/\/sisterschoolers.com\/?page_id=123","title":{"rendered":"Matr\u00edcula"},"content":{"rendered":"\n<div class=\"wp-block-cover alignfull has-accent-1-color has-text-color has-link-color wp-elements-327ca636110749ecb46b97c3bf539824\" style=\"margin-top:0;margin-bottom:0;padding-top:200px;padding-right:var(--wp--preset--spacing--50);padding-bottom:200px;padding-left:var(--wp--preset--spacing--50);min-height:100vh;aspect-ratio:unset;\"><img loading=\"lazy\" decoding=\"async\" width=\"1024\" height=\"579\" class=\"wp-block-cover__image-background wp-image-50 size-large\" alt=\"\" src=\"http:\/\/sisterschoolers.com\/wp-content\/uploads\/2025\/06\/Diseno-sin-titulo-1024x579.png\" data-object-fit=\"cover\" srcset=\"https:\/\/sisterschoolers.com\/wp-content\/uploads\/2025\/06\/Diseno-sin-titulo-1024x579.png 1024w, https:\/\/sisterschoolers.com\/wp-content\/uploads\/2025\/06\/Diseno-sin-titulo-300x170.png 300w, https:\/\/sisterschoolers.com\/wp-content\/uploads\/2025\/06\/Diseno-sin-titulo-768x434.png 768w, https:\/\/sisterschoolers.com\/wp-content\/uploads\/2025\/06\/Diseno-sin-titulo-100x57.png 100w, https:\/\/sisterschoolers.com\/wp-content\/uploads\/2025\/06\/Diseno-sin-titulo.png 1472w\" sizes=\"auto, (max-width: 1024px) 100vw, 1024px\" \/><span aria-hidden=\"true\" class=\"wp-block-cover__background has-background-dim-10 has-background-dim\" style=\"background-color:#8f7a6c\"><\/span><div class=\"wp-block-cover__inner-container has-global-padding is-layout-constrained wp-container-core-cover-is-layout-d47c59a2 wp-block-cover-is-layout-constrained\">\n<p class=\"has-text-align-center has-large-font-size\"><\/p>\n<\/div><\/div>\n\n\n\n<div class=\"wp-block-cover alignfull is-light has-contrast-color has-text-color has-link-color has-large-font-size wp-elements-9302550fb0626ff6a96c461056ebb35c\" style=\"margin-top:0;margin-bottom:0;padding-top:var(--wp--preset--spacing--60);padding-right:var(--wp--preset--spacing--50);padding-bottom:var(--wp--preset--spacing--60);padding-left:var(--wp--preset--spacing--50)\"><span aria-hidden=\"true\" class=\"wp-block-cover__background has-base-background-color has-background-dim-100 has-background-dim\"><\/span><div class=\"wp-block-cover__inner-container has-global-padding is-layout-constrained wp-container-core-cover-is-layout-873ee6b1 wp-block-cover-is-layout-constrained\">\n<div class=\"wp-block-columns alignwide is-layout-flex wp-container-core-columns-is-layout-7ee84d44 wp-block-columns-is-layout-flex\">\n<div class=\"wp-block-column is-layout-flow wp-block-column-is-layout-flow\" style=\"flex-basis:100%\">\n<div class=\"wp-block-group is-vertical is-content-justification-stretch is-layout-flex wp-container-core-group-is-layout-353c4f5a wp-block-group-is-layout-flex\">\n<h6 class=\"wp-block-heading has-text-align-center has-contrast-color has-text-color has-link-color has-dm-serif-display-font-family wp-elements-8d0fa036a611d5bd6ef14357e6d892be wp-container-content-9cfa9a5a\" style=\"font-size:clamp(4.509rem, 4.509rem + ((1vw - 0.2rem) * 8.613), 10rem);font-style:normal;font-weight:400;letter-spacing:-0.03em;line-height:1.4\"><sub>Hello!<\/sub><\/h6>\n\n\n\n<p class=\"is-style-text-subtitle has-albert-sans-font-family is-style-text-subtitle--1\">Espero que todas las familias que educan en casa est\u00e9n tan emocionadas como yo de aprovechar todo lo que ofrece este nuevo a\u00f1o educativo! Adjunto el <\/p>\n\n\n\n<p class=\"is-style-text-subtitle has-albert-sans-font-family is-style-text-subtitle--2\"><a href=\"https:\/\/forms.zohopublic.com\/charitosisters1\/form\/Inscripcin\/formperma\/6O_isNBmRXzxyPk5521ubMXXn9tvwHOFsOZCX-ZVr9s\"><mark style=\"background-color:#4cb3ba\" class=\"has-inline-color has-base-color\"><strong>Formulario de inscripci\u00f3n<\/strong><\/mark><\/a>.<\/p>\n\n\n\n<p class=\"is-style-text-subtitle has-albert-sans-font-family is-style-text-subtitle--3\">Tengan en cuenta las siguientes instrucciones:                   <\/p>\n\n\n\n<p class=\"is-style-text-subtitle has-albert-sans-font-family is-style-text-subtitle--4\">1. Lea todo el formulario detenidamente antes de completarlo. Tenga en cuenta las tarifas que se aplican seg\u00fan la fecha en que elija pagar la inscripci\u00f3n. Las familias que se inscriban fuera de la fecha pagar\u00e1n un costo adicional. <\/p>\n\n\n\n<p class=\"is-style-text-subtitle has-albert-sans-font-family is-style-text-subtitle--5\">2. El nombre del estudiante debe ser el mismo que aparece en su documento legal, incluyendo el nombre y segundo nombre (si corresponde), apellidos, tildes, etc.&nbsp;<\/p>\n\n\n\n<p class=\"is-style-text-subtitle has-albert-sans-font-family is-style-text-subtitle--6\">3. Se debe especificar el parentesco de los padres\/tutores con los estudiantes. Por ejemplo, si no es el padre\/madre biol\u00f3gico\/a del estudiante, debe especificar su parentesco, es decir, padrastro\/madrastra, tutor\/a legal, abuelo\/a, etc.&nbsp;<\/p>\n\n\n\n<p class=\"is-style-text-subtitle has-albert-sans-font-family is-style-text-subtitle--7\">4. Si el estudiante tiene una discapacidad especial de aprendizaje y selecciona S\u00cd, debe especificar esta condici\u00f3n. Esto es importante para determinar si la familia debe enviar un curr\u00edculo modificado (MOD) al sistema.&nbsp;<\/p>\n\n\n\n<p class=\"is-style-text-subtitle has-albert-sans-font-family is-style-text-subtitle--8\">5. Se requiere que el email que se registre en el formulario&nbsp;no sea uno de hotmail.&nbsp;Este email ser\u00e1 el oficial para las comunicaciones entre el acudiente,&nbsp; Homelife Academy y su Administradora.<\/p>\n\n\n\n<p class=\"is-style-text-subtitle has-albert-sans-font-family is-style-text-subtitle--9\">6. Solo se pocesaran las inscripciones con el comprobante de pago debidamente adjunto. La informaci\u00f3n sobre el pago se encuentra justo antes de subir la foto.\u00a0<\/p>\n\n\n\n<p class=\"is-style-text-subtitle has-albert-sans-font-family is-style-text-subtitle--10\">7. Si usted es padre\/madre\/tutor de un estudiante de \u00faltimo a\u00f1o que se grad\u00faa, recibir\u00e1 un correo electr\u00f3nico aparte con toda la informaci\u00f3n, fechas y costos para completar el a\u00f1o de graduaci\u00f3n.&nbsp;<\/p>\n\n\n\n<p class=\"is-style-text-subtitle has-albert-sans-font-family is-style-text-subtitle--11\">Si tiene alguna pregunta, cont\u00e1ctenos por este mismo medio para que podamos resolver cualquier inquietud que pueda tener sobre su familia.<\/p>\n<\/div>\n<\/div>\n<\/div>\n<\/div><\/div>\n","protected":false},"excerpt":{"rendered":"","protected":false},"author":1,"featured_media":0,"parent":0,"menu_order":0,"comment_status":"closed","ping_status":"closed","template":"","meta":{"footnotes":""},"class_list":["post-123","page","type-page","status-publish","hentry"],"jetpack_sharing_enabled":true,"_links":{"self":[{"href":"https:\/\/sisterschoolers.com\/index.php?rest_route=\/wp\/v2\/pages\/123","targetHints":{"allow":["GET"]}}],"collection":[{"href":"https:\/\/sisterschoolers.com\/index.php?rest_route=\/wp\/v2\/pages"}],"about":[{"href":"https:\/\/sisterschoolers.com\/index.php?rest_route=\/wp\/v2\/types\/page"}],"author":[{"embeddable":true,"href":"https:\/\/sisterschoolers.com\/index.php?rest_route=\/wp\/v2\/users\/1"}],"replies":[{"embeddable":true,"href":"https:\/\/sisterschoolers.com\/index.php?rest_route=%2Fwp%2Fv2%2Fcomments&post=123"}],"version-history":[{"count":5,"href":"https:\/\/sisterschoolers.com\/index.php?rest_route=\/wp\/v2\/pages\/123\/revisions"}],"predecessor-version":[{"id":337,"href":"https:\/\/sisterschoolers.com\/index.php?rest_route=\/wp\/v2\/pages\/123\/revisions\/337"}],"wp:attachment":[{"href":"https:\/\/sisterschoolers.com\/index.php?rest_route=%2Fwp%2Fv2%2Fmedia&parent=123"}],"curies":[{"name":"wp","href":"https:\/\/api.w.org\/{rel}","templated":true}]}}