{"id":39,"date":"2025-06-09T21:21:05","date_gmt":"2025-06-09T21:21:05","guid":{"rendered":"https:\/\/sisterschoolers.com\/?page_id=39"},"modified":"2025-06-17T23:49:46","modified_gmt":"2025-06-17T23:49:46","slug":"nosotros","status":"publish","type":"page","link":"https:\/\/sisterschoolers.com\/","title":{"rendered":"Homeschool"},"content":{"rendered":"\n<div class=\"wp-block-cover alignfull\"><img loading=\"lazy\" decoding=\"async\" width=\"1024\" height=\"576\" class=\"wp-block-cover__image-background wp-image-40\" alt=\"\" src=\"http:\/\/sisterschoolers.com\/wp-content\/uploads\/2025\/06\/fondoweb-1024x576.png\" data-object-fit=\"cover\" srcset=\"https:\/\/sisterschoolers.com\/wp-content\/uploads\/2025\/06\/fondoweb-1024x576.png 1024w, https:\/\/sisterschoolers.com\/wp-content\/uploads\/2025\/06\/fondoweb-300x169.png 300w, https:\/\/sisterschoolers.com\/wp-content\/uploads\/2025\/06\/fondoweb-768x432.png 768w, https:\/\/sisterschoolers.com\/wp-content\/uploads\/2025\/06\/fondoweb-100x56.png 100w, https:\/\/sisterschoolers.com\/wp-content\/uploads\/2025\/06\/fondoweb-1536x864.png 1536w, https:\/\/sisterschoolers.com\/wp-content\/uploads\/2025\/06\/fondoweb.png 1920w\" sizes=\"auto, (max-width: 1024px) 100vw, 1024px\" \/><span aria-hidden=\"true\" class=\"wp-block-cover__background has-background-dim\"><\/span><div class=\"wp-block-cover__inner-container is-layout-flow wp-block-cover-is-layout-flow\">\n<p class=\"has-text-align-center has-accent-6-background-color has-background has-xx-large-font-size\"><strong>Homeschool, educando diferente!<\/strong><\/p>\n<\/div><\/div>\n\n\n\n<div class=\"wp-block-media-text alignfull has-media-on-the-right is-stacked-on-mobile\" style=\"grid-template-columns:auto 48%\"><div class=\"wp-block-media-text__content\">\n<p>La verdad es que tanto nosotros los padres, como nuestros hijos somos \u00fanicos y especiales! Todos somos diferentes y tambi\u00e9n muy inteligentes.<\/p>\n\n\n\n<p>El homeschooling como opci\u00f3n educativa ofrece una soluci\u00f3n para que cada familia pueda educar de manera personal e integral.<\/p>\n\n\n\n<p>Homeschool no es un cambio de escuela, sino que es un estilo de vida donde la ense\u00f1anza y el aprendizaje din\u00e1mico trasciende con una educaci\u00f3n que va m\u00e1s all\u00e1 de las viejas paredes de cualquier sal\u00f3n.<\/p>\n<\/div><figure class=\"wp-block-media-text__media\"><img loading=\"lazy\" decoding=\"async\" width=\"1024\" height=\"768\" src=\"http:\/\/sisterschoolers.com\/wp-content\/uploads\/2025\/06\/homeschool-un-estilo-de-vida.png\" alt=\"\" class=\"wp-image-52 size-full\" srcset=\"https:\/\/sisterschoolers.com\/wp-content\/uploads\/2025\/06\/homeschool-un-estilo-de-vida.png 1024w, https:\/\/sisterschoolers.com\/wp-content\/uploads\/2025\/06\/homeschool-un-estilo-de-vida-300x225.png 300w, https:\/\/sisterschoolers.com\/wp-content\/uploads\/2025\/06\/homeschool-un-estilo-de-vida-768x576.png 768w, https:\/\/sisterschoolers.com\/wp-content\/uploads\/2025\/06\/homeschool-un-estilo-de-vida-100x75.png 100w\" sizes=\"auto, (max-width: 1024px) 100vw, 1024px\" \/><\/figure><\/div>\n\n\n\n<div class=\"wp-block-group alignfull has-global-padding is-layout-constrained wp-block-group-is-layout-constrained\" style=\"margin-top:0;margin-bottom:0\">\n<div class=\"wp-block-media-text alignfull is-stacked-on-mobile\" style=\"grid-template-columns:52% auto\"><figure class=\"wp-block-media-text__media\"><img loading=\"lazy\" decoding=\"async\" width=\"1024\" height=\"941\" src=\"http:\/\/sisterschoolers.com\/wp-content\/uploads\/2025\/06\/jovenweb-1024x941.png\" alt=\"\" class=\"wp-image-41 size-full\" srcset=\"https:\/\/sisterschoolers.com\/wp-content\/uploads\/2025\/06\/jovenweb-1024x941.png 1024w, https:\/\/sisterschoolers.com\/wp-content\/uploads\/2025\/06\/jovenweb-300x276.png 300w, https:\/\/sisterschoolers.com\/wp-content\/uploads\/2025\/06\/jovenweb-768x706.png 768w, https:\/\/sisterschoolers.com\/wp-content\/uploads\/2025\/06\/jovenweb-100x92.png 100w, https:\/\/sisterschoolers.com\/wp-content\/uploads\/2025\/06\/jovenweb-1536x1412.png 1536w, https:\/\/sisterschoolers.com\/wp-content\/uploads\/2025\/06\/jovenweb.png 2048w\" sizes=\"auto, (max-width: 1024px) 100vw, 1024px\" \/><\/figure><div class=\"wp-block-media-text__content\">\n<p class=\"has-x-large-font-size\"><strong>Para qu\u00e9 estudiar en casa?<\/strong><\/p>\n\n\n\n<p>Para satisfacer las necesidades de tu hijo como estudiante \u00fanico, para poder ayudarlo a crecer y desarrollarse en&nbsp;sus gustos e intereses, para llevarlo a disfrutar del aprendizaje seg\u00fan su&nbsp;propio estilo y nivel, para que la educaci\u00f3n se ajuste&nbsp;a la din\u00e1mica de tu familia y no para que tu familia trate de encajar en la caja de otros. Para poder&nbsp;elegir el momento que m\u00e1s te conviene para el estudio, tareas o proyectos y para tener la libertad de ajustarte a la econom\u00eda del hogar.<\/p>\n<\/div><\/div>\n\n\n\n<div class=\"wp-block-media-text alignfull is-stacked-on-mobile\" style=\"grid-template-columns:52% auto\"><figure class=\"wp-block-media-text__media\"><img loading=\"lazy\" decoding=\"async\" width=\"1024\" height=\"1018\" src=\"http:\/\/sisterschoolers.com\/wp-content\/uploads\/2025\/06\/0CA126E1-454A-4876-9E5D-B741D28DDCCE-1024x1018.jpg\" alt=\"\" class=\"wp-image-37 size-full\" srcset=\"https:\/\/sisterschoolers.com\/wp-content\/uploads\/2025\/06\/0CA126E1-454A-4876-9E5D-B741D28DDCCE-1024x1018.jpg 1024w, https:\/\/sisterschoolers.com\/wp-content\/uploads\/2025\/06\/0CA126E1-454A-4876-9E5D-B741D28DDCCE-300x298.jpg 300w, https:\/\/sisterschoolers.com\/wp-content\/uploads\/2025\/06\/0CA126E1-454A-4876-9E5D-B741D28DDCCE-150x150.jpg 150w, https:\/\/sisterschoolers.com\/wp-content\/uploads\/2025\/06\/0CA126E1-454A-4876-9E5D-B741D28DDCCE-768x764.jpg 768w, https:\/\/sisterschoolers.com\/wp-content\/uploads\/2025\/06\/0CA126E1-454A-4876-9E5D-B741D28DDCCE-100x100.jpg 100w, https:\/\/sisterschoolers.com\/wp-content\/uploads\/2025\/06\/0CA126E1-454A-4876-9E5D-B741D28DDCCE.jpg 1269w\" sizes=\"auto, (max-width: 1024px) 100vw, 1024px\" \/><\/figure><div class=\"wp-block-media-text__content\">\n<p>Mi nombre es Charito Arias y soy Administradora de Grupos para Homelife Academy.&nbsp; Tengo 4 hijos con los que he podido experimentar el pre-escolar, la primaria, la secundaria y hasta la graduaci\u00f3n.&nbsp; En familia, hacemos homeschool desde el 2018.<\/p>\n\n\n\n<p class=\"has-large-font-size\"><strong>C\u00f3mo puedo ayudarte?<\/strong>&nbsp;<\/p>\n\n\n\n<p>A trav\u00e9s de Homelife Academy, que es una entidad educativa privada no tradicional que valida el estudio en casa de manera internacional con m\u00e1s de 50,000 estudiantes en m\u00e1s de 130 pa\u00edses alrededor del mundo.<\/p>\n\n\n\n<p class=\"has-large-font-size\"><strong>Por qu\u00e9 matricularte conmigo?<\/strong><\/p>\n\n\n\n<p>Como Administradora de Grupo desde el 2020, he podido ayudar&nbsp;a cientos de familias nacionales e internacionales a sacar el mejor provecho de la estructura que brinda Homelife Academy y su plataforma Applecore.&nbsp; Con mi experiencia y mi acompa\u00f1amiento aprender\u00e1s paso a paso a validar tu educaci\u00f3n en casa.<\/p>\n<\/div><\/div>\n<\/div>\n\n\n\n<h2 class=\"wp-block-heading alignfull is-style-text-display has-background has-manrope-font-family has-x-large-font-size is-style-text-display--1\" style=\"background-color:#696969c7\"><strong>Tienes dudas todav\u00eda? No estas segura si la educaci\u00f3n en casa es para ti?<\/strong><\/h2>\n\n\n\n<div style=\"height:22px\" aria-hidden=\"true\" class=\"wp-block-spacer\"><\/div>\n\n\n\n<div class=\"wp-block-group alignfull has-global-padding is-layout-constrained wp-block-group-is-layout-constrained\" style=\"margin-top:0;margin-bottom:0\">\n<div class=\"wp-block-group alignwide is-layout-flow wp-container-core-group-is-layout-d58a0413 wp-block-group-is-layout-flow\" style=\"padding-top:var(--wp--preset--spacing--50);padding-bottom:var(--wp--preset--spacing--50)\">\n<h2 class=\"wp-block-heading has-x-large-font-size\">Preguntas Frecuentes.<\/h2>\n\n\n\n<div class=\"wp-block-columns is-layout-flex wp-container-core-columns-is-layout-cbe57604 wp-block-columns-is-layout-flex\">\n<div class=\"wp-block-column is-layout-flow wp-block-column-is-layout-flow\">\n<div class=\"wp-block-group is-layout-flow wp-block-group-is-layout-flow\" style=\"border-top-color:var(--wp--preset--color--accent-6);border-top-width:1px;padding-top:var(--wp--preset--spacing--30);padding-bottom:var(--wp--preset--spacing--30)\">\n<h3 class=\"wp-block-heading\"><strong>\u00bfEl diploma que ofrece Homelife Academy es v\u00e1lido?<\/strong><\/h3>\n\n\n\n<p>\u00a1Por supuesto! Homelife Academy es una instituci\u00f3n educativa privada, legalmente establecida en Estados Unidos. Sus boletines y diplomas son&nbsp;<strong>reconocidos en m\u00e1s de 130 pa\u00edses<\/strong>.<\/p>\n\n\n\n<p><em>Ten en cuenta que los requisitos de validaci\u00f3n pueden variar seg\u00fan el pa\u00eds.<\/em><\/p>\n<\/div>\n<\/div>\n\n\n\n<div class=\"wp-block-column is-layout-flow wp-block-column-is-layout-flow\">\n<div class=\"wp-block-group is-layout-flow wp-block-group-is-layout-flow\" style=\"border-top-color:var(--wp--preset--color--accent-6);border-top-width:1px;padding-top:var(--wp--preset--spacing--30);padding-bottom:var(--wp--preset--spacing--30)\">\n<h3 class=\"wp-block-heading\"><strong>Quiero retirar a mi hijo de la escuela tradicional, pero no quiero que pierda el a\u00f1o. \u00bfEs posible?<\/strong><\/h3>\n\n\n\n<p>\u00a1S\u00ed, es posible! Homelife Academy permite&nbsp;<strong>reportar y validar el a\u00f1o escolar de manera retroactiva<\/strong>. Una vez realizada la matr\u00edcula, tu Administradora te explicar\u00e1 c\u00f3mo completar este proceso correctamente.<\/p>\n<\/div>\n<\/div>\n<\/div>\n\n\n\n<div class=\"wp-block-columns is-layout-flex wp-container-core-columns-is-layout-cbe57604 wp-block-columns-is-layout-flex\">\n<div class=\"wp-block-column is-layout-flow wp-block-column-is-layout-flow\">\n<div class=\"wp-block-group is-layout-flow wp-block-group-is-layout-flow\" style=\"border-top-color:var(--wp--preset--color--accent-6);border-top-width:1px;padding-top:var(--wp--preset--spacing--30);padding-bottom:var(--wp--preset--spacing--30)\">\n<h3 class=\"wp-block-heading\"><strong>\u00bfHay un costo mensual? \u00bfCu\u00e1nto es?<\/strong><\/h3>\n\n\n\n<p>No, no hay pagos mensuales. La matr\u00edcula es un pago \u00fanico anual, que cubre la validaci\u00f3n de la educaci\u00f3n en casa mediante boletines oficiales emitidos por nuestro colegio en EE.UU.<\/p>\n<\/div>\n<\/div>\n\n\n\n<div class=\"wp-block-column is-layout-flow wp-block-column-is-layout-flow\">\n<div class=\"wp-block-group is-layout-flow wp-block-group-is-layout-flow\" style=\"border-top-color:var(--wp--preset--color--accent-6);border-top-width:1px;padding-top:var(--wp--preset--spacing--30);padding-bottom:var(--wp--preset--spacing--30)\">\n<h3 class=\"wp-block-heading\"><strong>\u00bfUstedes ofrecen el material de estudio y los horarios?<\/strong><\/h3>\n\n\n\n<p>No. El homeschool es una modalidad personalizada: cada familia decide qu\u00e9 contenidos desea abordar, con qu\u00e9 materiales y en qu\u00e9 horarios. Homelife Academy respeta y apoya esa flexibilidad educativa<\/p>\n<\/div>\n<\/div>\n<\/div>\n<\/div>\n\n\n\n<div class=\"wp-block-columns alignfull are-vertically-aligned-center is-layout-flex wp-container-core-columns-is-layout-47c06fe3 wp-block-columns-is-layout-flex\">\n<div class=\"wp-block-column is-vertically-aligned-center is-layout-flow wp-block-column-is-layout-flow\" style=\"flex-basis:56%\">\n<figure class=\"wp-block-image size-full\"><img loading=\"lazy\" decoding=\"async\" width=\"2048\" height=\"1805\" src=\"http:\/\/sisterschoolers.com\/wp-content\/uploads\/2025\/06\/Gemini_Generated_Image_is8bglis8bglis8b.png\" alt=\"\" class=\"wp-image-42\" style=\"aspect-ratio:1;object-fit:cover\" srcset=\"https:\/\/sisterschoolers.com\/wp-content\/uploads\/2025\/06\/Gemini_Generated_Image_is8bglis8bglis8b.png 2048w, https:\/\/sisterschoolers.com\/wp-content\/uploads\/2025\/06\/Gemini_Generated_Image_is8bglis8bglis8b-300x264.png 300w, https:\/\/sisterschoolers.com\/wp-content\/uploads\/2025\/06\/Gemini_Generated_Image_is8bglis8bglis8b-1024x903.png 1024w, https:\/\/sisterschoolers.com\/wp-content\/uploads\/2025\/06\/Gemini_Generated_Image_is8bglis8bglis8b-768x677.png 768w, https:\/\/sisterschoolers.com\/wp-content\/uploads\/2025\/06\/Gemini_Generated_Image_is8bglis8bglis8b-100x88.png 100w, https:\/\/sisterschoolers.com\/wp-content\/uploads\/2025\/06\/Gemini_Generated_Image_is8bglis8bglis8b-1536x1354.png 1536w\" sizes=\"auto, (max-width: 2048px) 100vw, 2048px\" \/><\/figure>\n<\/div>\n\n\n\n<div class=\"wp-block-column is-vertically-aligned-center is-layout-flow wp-container-core-column-is-layout-119bc444 wp-block-column-is-layout-flow\">\n<h2 class=\"wp-block-heading\"><strong>Mentoria gratis:<\/strong><\/h2>\n\n\n\n<p class=\"has-text-align-left\">Tienes algunas dudas antes de matricular? Estoy a tus \u00f3rdenes para contestarte tres (3) preguntas.<\/p>\n\n\n\n<div class=\"wp-block-buttons is-layout-flex wp-block-buttons-is-layout-flex\">\n<div class=\"wp-block-button\"><a class=\"wp-block-button__link has-background wp-element-button\" href=\"mailto:charito@sisterschoolers.com\" style=\"background-color:#4cb3ba\" target=\"_blank\" rel=\"noreferrer noopener nofollow\">Mis 3 preguntas<\/a><\/div>\n<\/div>\n<\/div>\n<\/div>\n\n\n\n<div class=\"wp-block-columns alignfull is-layout-flex wp-container-core-columns-is-layout-47c06fe3 wp-block-columns-is-layout-flex\">\n<div class=\"wp-block-column is-vertically-aligned-stretch is-layout-flow wp-block-column-is-layout-flow\" style=\"flex-basis:56%\">\n<figure class=\"wp-block-image size-full\"><img loading=\"lazy\" decoding=\"async\" width=\"2048\" height=\"1812\" src=\"http:\/\/sisterschoolers.com\/wp-content\/uploads\/2025\/06\/Gemini_Generated_Image_5dzjpi5dzjpi5dzj.png\" alt=\"\" class=\"wp-image-43\" style=\"aspect-ratio:1;object-fit:cover\" srcset=\"https:\/\/sisterschoolers.com\/wp-content\/uploads\/2025\/06\/Gemini_Generated_Image_5dzjpi5dzjpi5dzj.png 2048w, https:\/\/sisterschoolers.com\/wp-content\/uploads\/2025\/06\/Gemini_Generated_Image_5dzjpi5dzjpi5dzj-300x265.png 300w, https:\/\/sisterschoolers.com\/wp-content\/uploads\/2025\/06\/Gemini_Generated_Image_5dzjpi5dzjpi5dzj-1024x906.png 1024w, https:\/\/sisterschoolers.com\/wp-content\/uploads\/2025\/06\/Gemini_Generated_Image_5dzjpi5dzjpi5dzj-768x680.png 768w, https:\/\/sisterschoolers.com\/wp-content\/uploads\/2025\/06\/Gemini_Generated_Image_5dzjpi5dzjpi5dzj-100x88.png 100w, https:\/\/sisterschoolers.com\/wp-content\/uploads\/2025\/06\/Gemini_Generated_Image_5dzjpi5dzjpi5dzj-1536x1359.png 1536w\" sizes=\"auto, (max-width: 2048px) 100vw, 2048px\" \/><\/figure>\n<\/div>\n\n\n\n<div class=\"wp-block-column is-vertically-aligned-center is-layout-flow wp-container-core-column-is-layout-119bc444 wp-block-column-is-layout-flow\">\n<h2 class=\"wp-block-heading\"><strong>Asesoria Personalizada:<\/strong><\/h2>\n\n\n\n<p>Necesitas una asesor\u00eda sobre tu familia? Entonces agendemos un tiempo&nbsp; exclusivo para t\u00ed!&nbsp;<\/p>\n\n\n\n<div class=\"wp-block-buttons is-layout-flex wp-block-buttons-is-layout-flex\">\n<div class=\"wp-block-button\"><a class=\"wp-block-button__link has-background wp-element-button\" href=\"https:\/\/sisterschoolers.zohobookings.com\/#\/Asesorias\" style=\"background-color:#4cb3ba\">Asesoria Privada<\/a><\/div>\n<\/div>\n<\/div>\n<\/div>\n<\/div>\n\n\n\n<div class=\"wp-block-group alignfull has-background is-vertical is-content-justification-center is-layout-flex wp-container-core-group-is-layout-ce155fab wp-block-group-is-layout-flex\" style=\"background-color:#69696921\">\n<figure class=\"wp-block-image size-full is-resized\"><img loading=\"lazy\" decoding=\"async\" width=\"525\" height=\"475\" src=\"http:\/\/sisterschoolers.com\/wp-content\/uploads\/2025\/06\/Copia_de_pngwing.com-removebg-preview.png\" alt=\"\" class=\"wp-image-58\" style=\"width:153px;height:auto\" srcset=\"https:\/\/sisterschoolers.com\/wp-content\/uploads\/2025\/06\/Copia_de_pngwing.com-removebg-preview.png 525w, https:\/\/sisterschoolers.com\/wp-content\/uploads\/2025\/06\/Copia_de_pngwing.com-removebg-preview-300x271.png 300w, https:\/\/sisterschoolers.com\/wp-content\/uploads\/2025\/06\/Copia_de_pngwing.com-removebg-preview-100x90.png 100w\" sizes=\"auto, (max-width: 525px) 100vw, 525px\" \/><\/figure>\n\n\n\n<h2 class=\"wp-block-heading alignfull has-background\" style=\"background-color:#69696900\">La calidad es excepcional, y la atenci\u00f3n al detalle es impresionante. Definitivamente me hizo el homeschooling mas sencillo. <em>\u2014&nbsp;<\/em>cliente satisfecho<\/h2>\n<\/div>\n\n\n\n<div class=\"wp-block-group alignfull has-global-padding is-layout-constrained wp-container-core-group-is-layout-08655630 wp-block-group-is-layout-constrained\" style=\"margin-top:0;margin-bottom:0;padding-top:var(--wp--preset--spacing--80);padding-bottom:var(--wp--preset--spacing--80)\">\n<div class=\"wp-block-group alignwide is-layout-flow wp-block-group-is-layout-flow\">\n<p class=\"has-text-align-center is-style-text-display is-style-text-display--2\" style=\"font-style:normal;font-weight:400\">\u00bfTienes preguntas?<br>No dudes en comunicarte.<\/p>\n\n\n\n<div style=\"height:var(--wp--preset--spacing--40)\" aria-hidden=\"true\" class=\"wp-block-spacer\"><\/div>\n\n\n\n<ul class=\"wp-block-social-links has-icon-color is-style-logos-only is-content-justification-center is-layout-flex wp-container-core-social-links-is-layout-a89b3969 wp-block-social-links-is-layout-flex\"><li class=\"wp-social-link wp-social-link-instagram has-contrast-color wp-block-social-link\"><a href=\"https:\/\/www.instagram.com\/sisterschoolers?utm_source=ig_web_button_share_sheet&#038;igsh=ZDNlZDc0MzIxNw==\" class=\"wp-block-social-link-anchor\"><svg width=\"24\" height=\"24\" viewBox=\"0 0 24 24\" version=\"1.1\" xmlns=\"http:\/\/www.w3.org\/2000\/svg\" aria-hidden=\"true\" focusable=\"false\"><path d=\"M12,4.622c2.403,0,2.688,0.009,3.637,0.052c0.877,0.04,1.354,0.187,1.671,0.31c0.42,0.163,0.72,0.358,1.035,0.673 c0.315,0.315,0.51,0.615,0.673,1.035c0.123,0.317,0.27,0.794,0.31,1.671c0.043,0.949,0.052,1.234,0.052,3.637 s-0.009,2.688-0.052,3.637c-0.04,0.877-0.187,1.354-0.31,1.671c-0.163,0.42-0.358,0.72-0.673,1.035 c-0.315,0.315-0.615,0.51-1.035,0.673c-0.317,0.123-0.794,0.27-1.671,0.31c-0.949,0.043-1.233,0.052-3.637,0.052 s-2.688-0.009-3.637-0.052c-0.877-0.04-1.354-0.187-1.671-0.31c-0.42-0.163-0.72-0.358-1.035-0.673 c-0.315-0.315-0.51-0.615-0.673-1.035c-0.123-0.317-0.27-0.794-0.31-1.671C4.631,14.688,4.622,14.403,4.622,12 s0.009-2.688,0.052-3.637c0.04-0.877,0.187-1.354,0.31-1.671c0.163-0.42,0.358-0.72,0.673-1.035 c0.315-0.315,0.615-0.51,1.035-0.673c0.317-0.123,0.794-0.27,1.671-0.31C9.312,4.631,9.597,4.622,12,4.622 M12,3 C9.556,3,9.249,3.01,8.289,3.054C7.331,3.098,6.677,3.25,6.105,3.472C5.513,3.702,5.011,4.01,4.511,4.511 c-0.5,0.5-0.808,1.002-1.038,1.594C3.25,6.677,3.098,7.331,3.054,8.289C3.01,9.249,3,9.556,3,12c0,2.444,0.01,2.751,0.054,3.711 c0.044,0.958,0.196,1.612,0.418,2.185c0.23,0.592,0.538,1.094,1.038,1.594c0.5,0.5,1.002,0.808,1.594,1.038 c0.572,0.222,1.227,0.375,2.185,0.418C9.249,20.99,9.556,21,12,21s2.751-0.01,3.711-0.054c0.958-0.044,1.612-0.196,2.185-0.418 c0.592-0.23,1.094-0.538,1.594-1.038c0.5-0.5,0.808-1.002,1.038-1.594c0.222-0.572,0.375-1.227,0.418-2.185 C20.99,14.751,21,14.444,21,12s-0.01-2.751-0.054-3.711c-0.044-0.958-0.196-1.612-0.418-2.185c-0.23-0.592-0.538-1.094-1.038-1.594 c-0.5-0.5-1.002-0.808-1.594-1.038c-0.572-0.222-1.227-0.375-2.185-0.418C14.751,3.01,14.444,3,12,3L12,3z M12,7.378 c-2.552,0-4.622,2.069-4.622,4.622S9.448,16.622,12,16.622s4.622-2.069,4.622-4.622S14.552,7.378,12,7.378z M12,15 c-1.657,0-3-1.343-3-3s1.343-3,3-3s3,1.343,3,3S13.657,15,12,15z M16.804,6.116c-0.596,0-1.08,0.484-1.08,1.08 s0.484,1.08,1.08,1.08c0.596,0,1.08-0.484,1.08-1.08S17.401,6.116,16.804,6.116z\"><\/path><\/svg><span class=\"wp-block-social-link-label screen-reader-text\">Instagram<\/span><\/a><\/li>\n\n<li class=\"wp-social-link wp-social-link-youtube has-contrast-color wp-block-social-link\"><a href=\"https:\/\/www.youtube.com\/@sisterschoolers\" class=\"wp-block-social-link-anchor\"><svg width=\"24\" height=\"24\" viewBox=\"0 0 24 24\" version=\"1.1\" xmlns=\"http:\/\/www.w3.org\/2000\/svg\" aria-hidden=\"true\" focusable=\"false\"><path d=\"M21.8,8.001c0,0-0.195-1.378-0.795-1.985c-0.76-0.797-1.613-0.801-2.004-0.847c-2.799-0.202-6.997-0.202-6.997-0.202 h-0.009c0,0-4.198,0-6.997,0.202C4.608,5.216,3.756,5.22,2.995,6.016C2.395,6.623,2.2,8.001,2.2,8.001S2,9.62,2,11.238v1.517 c0,1.618,0.2,3.237,0.2,3.237s0.195,1.378,0.795,1.985c0.761,0.797,1.76,0.771,2.205,0.855c1.6,0.153,6.8,0.201,6.8,0.201 s4.203-0.006,7.001-0.209c0.391-0.047,1.243-0.051,2.004-0.847c0.6-0.607,0.795-1.985,0.795-1.985s0.2-1.618,0.2-3.237v-1.517 C22,9.62,21.8,8.001,21.8,8.001z M9.935,14.594l-0.001-5.62l5.404,2.82L9.935,14.594z\"><\/path><\/svg><span class=\"wp-block-social-link-label screen-reader-text\">YouTube<\/span><\/a><\/li><\/ul>\n<\/div>\n<\/div>\n","protected":false},"excerpt":{"rendered":"<p>La verdad es que tanto nosotros los padres, como nuestros hijos somos \u00fanicos y especiales! Todos somos diferentes y tambi\u00e9n muy inteligentes. El homeschooling como opci\u00f3n educativa ofrece una soluci\u00f3n para que cada familia pueda educar de manera personal e integral. Homeschool no es un cambio de escuela, sino que es un estilo de vida [&hellip;]<\/p>\n","protected":false},"author":1,"featured_media":0,"parent":0,"menu_order":0,"comment_status":"closed","ping_status":"closed","template":"","meta":{"footnotes":""},"class_list":["post-39","page","type-page","status-publish","hentry"],"jetpack_sharing_enabled":true,"_links":{"self":[{"href":"https:\/\/sisterschoolers.com\/index.php?rest_route=\/wp\/v2\/pages\/39","targetHints":{"allow":["GET"]}}],"collection":[{"href":"https:\/\/sisterschoolers.com\/index.php?rest_route=\/wp\/v2\/pages"}],"about":[{"href":"https:\/\/sisterschoolers.com\/index.php?rest_route=\/wp\/v2\/types\/page"}],"author":[{"embeddable":true,"href":"https:\/\/sisterschoolers.com\/index.php?rest_route=\/wp\/v2\/users\/1"}],"replies":[{"embeddable":true,"href":"https:\/\/sisterschoolers.com\/index.php?rest_route=%2Fwp%2Fv2%2Fcomments&post=39"}],"version-history":[{"count":21,"href":"https:\/\/sisterschoolers.com\/index.php?rest_route=\/wp\/v2\/pages\/39\/revisions"}],"predecessor-version":[{"id":166,"href":"https:\/\/sisterschoolers.com\/index.php?rest_route=\/wp\/v2\/pages\/39\/revisions\/166"}],"wp:attachment":[{"href":"https:\/\/sisterschoolers.com\/index.php?rest_route=%2Fwp%2Fv2%2Fmedia&parent=39"}],"curies":[{"name":"wp","href":"https:\/\/api.w.org\/{rel}","templated":true}]}}