{"id":97,"date":"2025-06-09T22:31:44","date_gmt":"2025-06-09T22:31:44","guid":{"rendered":"https:\/\/sisterschoolers.com\/?page_id=97"},"modified":"2025-06-09T22:59:27","modified_gmt":"2025-06-09T22:59:27","slug":"97-2","status":"publish","type":"page","link":"https:\/\/sisterschoolers.com\/?page_id=97","title":{"rendered":"Blog"},"content":{"rendered":"<div  class=\"ultp-post-grid-block wp-block-ultimate-post-post-grid-4 ultp-block-52ffaf\"><div class=\"ultp-block-wrapper\"><div class=\"ultp-loading\"><div class=\"ultp-loading-blocks\" style=\"width:100%;height:100%;\"><div style=\"left: 0;top: 0;animation-delay:0s;\"><\/div><div style=\"left: 21px;top: 0;animation-delay:0.125s;\"><\/div><div style=\"left: 42px;top: 0;animation-delay:0.25s;\"><\/div><div style=\"left: 0;top: 21px;animation-delay:0.875s;\"><\/div><div style=\"left: 42px;top: 21px;animation-delay:0.375s;\"><\/div><div style=\"left: 0;top: 42px;animation-delay:0.75s;\"><\/div><div style=\"left: 42px;top: 42px;animation-delay:0.625s;\"><\/div><div style=\"left: 21px;top: 42px;animation-delay:0.5s;\"><\/div><\/div><\/div><div class=\"ultp-block-items-wrap ultp-block-row ultp-layout1 ultp-block-content-\"><div class=\"ultp-block-item post-id-147\"><div class=\"ultp-block-content-wrap ultp-block-content-overlay\"><div class=\"ultp-block-image ultp-block-image-zoomIn ultp-block-image-overlay ultp-block-image-flat\"><a href=\"https:\/\/sisterschoolers.com\/?p=147\" ><img decoding=\"async\"  alt=\"Guia pr\u00e1ctica de actividades seg\u00fan las inteligencias m\u00faltiples.\"  src=\"https:\/\/sisterschoolers.com\/wp-content\/uploads\/2025\/06\/tips-1.png\" \/><\/a><\/div><div class=\"ultp-block-content ultp-block-content-bottomPosition\"><div class=\"ultp-block-content-inner\"><h3 class=\"ultp-block-title \"><a href=\"https:\/\/sisterschoolers.com\/?p=147\" >Guia pr\u00e1ctica de actividades seg\u00fan las inteligencias m\u00faltiples.<\/a><\/h3><div class=\"ultp-block-excerpt\"><p>\ud83e\udde0 1. Inteligencia ling\u00fc\u00edstico-verbal C\u00f3mo reconocerla: Tu hijo ama leer, contar historias o escribir. Actividades sugeridas: \ud83d\udd22 2. Inteligencia l\u00f3gico-matem\u00e1tica&hellip;<\/p>\n<\/div><div class=\"ultp-block-readmore\"><a aria-label=\"Guia pr\u00e1ctica de actividades seg\u00fan las inteligencias m\u00faltiples.\" href=\"https:\/\/sisterschoolers.com\/?p=147\" >Read More<svg xmlns=\"http:\/\/www.w3.org\/2000\/svg\" fill=\"none\" viewBox=\"0 0 24 24\">\r\n  <path stroke=\"currentColor\" stroke-linecap=\"round\" stroke-linejoin=\"round\" stroke-width=\"1.5\" d=\"m12 20.5 8.5-8.5m0 0L12 3.5m8.5 8.5h-17\"\/>\r\n<\/svg>\r\n<\/a><\/div><\/div><\/div><\/div><\/div><div class=\"ultp-block-item post-id-143\"><div class=\"ultp-block-content-wrap ultp-block-content-overlay\"><div class=\"ultp-block-image ultp-block-image-zoomIn ultp-block-image-overlay ultp-block-image-flat\"><a href=\"https:\/\/sisterschoolers.com\/?p=143\" ><img decoding=\"async\"  alt=\"La importancia de las inteligencias m\u00faltiples en el homeschool\"  src=\"https:\/\/sisterschoolers.com\/wp-content\/uploads\/2025\/06\/tips-1-600x570.png\" \/><\/a><\/div><div class=\"ultp-block-content ultp-block-content-bottomPosition\"><div class=\"ultp-block-content-inner\"><h3 class=\"ultp-block-title \"><a href=\"https:\/\/sisterschoolers.com\/?p=143\" >La importancia de las inteligencias m\u00faltiples en el homeschool<\/a><\/h3><\/div><\/div><\/div><\/div><div class=\"ultp-block-item post-id-79\"><div class=\"ultp-block-content-wrap ultp-block-content-overlay\"><div class=\"ultp-block-image ultp-block-image-zoomIn ultp-block-image-overlay ultp-block-image-flat\"><a href=\"https:\/\/sisterschoolers.com\/?p=79\" ><img decoding=\"async\"  alt=\"C\u00f3mo Crear un Plan Acad\u00e9mico Efectivo para Homeschool: Gu\u00eda para Familias que\u00a0Comienzan\"  src=\"https:\/\/sisterschoolers.com\/wp-content\/uploads\/2025\/06\/tips-1-600x570.png\" \/><\/a><\/div><div class=\"ultp-block-content ultp-block-content-bottomPosition\"><div class=\"ultp-block-content-inner\"><h3 class=\"ultp-block-title \"><a href=\"https:\/\/sisterschoolers.com\/?p=79\" >C\u00f3mo Crear un Plan Acad\u00e9mico Efectivo para Homeschool: Gu\u00eda para Familias que\u00a0Comienzan<\/a><\/h3><\/div><\/div><\/div><\/div><\/div><\/div><div class=\"pagination-block-html\" aria-hidden=\"true\" style=\"display: none;\"><\/div><\/div>","protected":false},"excerpt":{"rendered":"","protected":false},"author":1,"featured_media":0,"parent":0,"menu_order":0,"comment_status":"closed","ping_status":"closed","template":"","meta":{"footnotes":""},"class_list":["post-97","page","type-page","status-publish","hentry"],"jetpack_sharing_enabled":true,"_links":{"self":[{"href":"https:\/\/sisterschoolers.com\/index.php?rest_route=\/wp\/v2\/pages\/97","targetHints":{"allow":["GET"]}}],"collection":[{"href":"https:\/\/sisterschoolers.com\/index.php?rest_route=\/wp\/v2\/pages"}],"about":[{"href":"https:\/\/sisterschoolers.com\/index.php?rest_route=\/wp\/v2\/types\/page"}],"author":[{"embeddable":true,"href":"https:\/\/sisterschoolers.com\/index.php?rest_route=\/wp\/v2\/users\/1"}],"replies":[{"embeddable":true,"href":"https:\/\/sisterschoolers.com\/index.php?rest_route=%2Fwp%2Fv2%2Fcomments&post=97"}],"version-history":[{"count":8,"href":"https:\/\/sisterschoolers.com\/index.php?rest_route=\/wp\/v2\/pages\/97\/revisions"}],"predecessor-version":[{"id":113,"href":"https:\/\/sisterschoolers.com\/index.php?rest_route=\/wp\/v2\/pages\/97\/revisions\/113"}],"wp:attachment":[{"href":"https:\/\/sisterschoolers.com\/index.php?rest_route=%2Fwp%2Fv2%2Fmedia&parent=97"}],"curies":[{"name":"wp","href":"https:\/\/api.w.org\/{rel}","templated":true}]}}